{"id":3736,"date":"2020-03-02T12:25:57","date_gmt":"2020-03-02T10:25:57","guid":{"rendered":"https:\/\/silman-ee.vserver.zonevs.eu\/kontakt\/"},"modified":"2021-03-12T11:45:51","modified_gmt":"2021-03-12T09:45:51","slug":"kontakt","status":"publish","type":"page","link":"https:\/\/www.silman.ee\/lv\/kontakt\/","title":{"rendered":"Kontakti"},"content":{"rendered":"<div id=\"acf-block-block_5e5cf4c39fcc5\" class=\"acf-block-element block-contactmap\">\r\n<div class=\"row row-grid\"><div class=\"col-12 col-lg-4\"><div class=\"editor-content\"><p class=\"font24\"><small>R\u012bga<\/small>SIA \u201cSilman LV\u201d<\/p><p>Br\u012bv\u012bbas iela 100, LV-1001 R\u012bga, Latvija<\/p>\n<p>T\u0101lrunis: <strong><a href=\"tel:+371 66966200\">+371 66966200<\/a><\/strong><br \/>\nFakss: <strong><a href=\"tel:+371 66966207\">+371 66966207<\/a><\/strong><br \/>\nE-pasts: <a href=\"mailto:ugis.kaspars@silman.lv\"><strong>info@silman.lv<\/strong><\/a><\/p>\n<p>Atv\u0113rts: P-PK 9:00-18:00; S-SV Sl\u0113gts<\/p>\n<p>Re\u0123istr\u0101cijas Nr.: 40003941085<br \/>\nPVN re\u0123istr\u0101cijas Nr.: LV40003941085<br \/>\nBanka: \u201cSEB banka\u201d AS<br \/>\nSWIFT kods: UNLALV2X<br \/>\nKonta Nr.: LV60UNLA0050024021821<\/p>\n<\/div><\/div><div class=\"col-12 col-lg-7 offset-lg-1\"><div class=\"map-wrap\"><img decoding=\"async\" width=\"752\" height=\"480\" src=\"https:\/\/www.silman.ee\/wp-content\/uploads\/2020\/03\/silman-riia.jpg\" class=\"attachment-img-752x480 size-img-752x480\" alt=\"\" \/><a href=\"https:\/\/www.google.com\/maps\/dir\/\/Br%C4%ABv%C4%ABbas+iela+100,+Centra+rajons,+R%C4%ABga,+LV-1001,+Latvia\/@56.9608489,24.1316577,17.25z\/data=!4m9!4m8!1m0!1m5!1m1!1s0x46eecfcac109be0d:0x8bfdfeeb8290ddbc!2m2!1d24.1327728!2d56.9608459!3e0\" target=\"_blank\" class=\"font-weight-medium d-inline-block\">Atra\u0161an\u0101s vieta kart\u0113<\/a><\/div><\/div><\/div><\/div>\n\n<div id=\"acf-block-block_5e5ce2205a248\" class=\"acf-block-element block-contactmap\">\r\n<div class=\"row row-grid\"><div class=\"col-12 col-lg-4\"><div class=\"editor-content\"><p class=\"font24\"><small>Tallinn<\/small>Silmani Elekter AS<\/p><p>Kadaka tee 56, 12915 Tallinn<\/p>\n<p>T\u0101lrunis: <strong><a href=\"tel:6711220\">6711220<\/a><\/strong><br \/>\nFakss: <strong><a href=\"tel:6711221\">6711221<\/a><\/strong><br \/>\nE-pasts: <a href=\"mailto:info@silman.ee\"><strong>info@silman.ee<\/strong><\/a><\/p>\n<p>Atv\u0113rts: E-R 8:30-17:00; L-P Suletud<\/p>\n<p>Re\u0123istr\u0101cijas Nr.: 10006280<br \/>\nPVN re\u0123istr\u0101cijas Nr.: EE100255603<br \/>\nBanka: SEB Pank AS, Tornim\u00e4e 2, 15010 Tallinn, Estonia<br \/>\nSWIFT kods: EEUHEE2X<br \/>\nKonta Nr.: EE501010220037212013<\/p>\n<\/div><\/div><div class=\"col-12 col-lg-7 offset-lg-1\"><div class=\"map-wrap\"><img decoding=\"async\" width=\"752\" height=\"480\" src=\"https:\/\/www.silman.ee\/wp-content\/uploads\/2020\/03\/silman-tallinn.jpg\" class=\"attachment-img-752x480 size-img-752x480\" alt=\"\" \/><a href=\"https:\/\/www.google.com\/maps\/dir\/\/Silmani+Electricity+AS,+Kadaka+tee+56,+12915+Tallinn\/@59.4127514,24.6659147,17z\/data=!4m8!4m7!1m0!1m5!1m1!1s0x469294504ec2b7a7:0xebd03ab30c3fb58b!2m2!1d24.6681034!2d59.4127487\" target=\"_blank\" class=\"font-weight-medium d-inline-block\">Atra\u0161an\u0101s vieta kart\u0113<\/a><\/div><\/div><\/div><\/div>\n\n<div id=\"acf-block-block_5e5cf2669fcc4\" class=\"acf-block-element block-contactmap\">\r\n<div class=\"row row-grid\"><div class=\"col-12 col-lg-4\"><div class=\"editor-content\"><p class=\"font24\"><small>Tartu<\/small>Silmani Elekter AS<\/p><p>Vasara 50, 50113 Tartu<\/p>\n<p>T\u0101lrunis: <strong><a href=\"tel:7428688\">7428688<\/a><\/strong><br \/>\nFakss: <strong><a href=\"tel:7407101\">7407101<\/a><\/strong><br \/>\nE-pasts: <a href=\"mailto:tartu@silman.ee\"><strong>tartu@silman.ee<\/strong><\/a><\/p>\n<p>Atv\u0113rts: E-R 8:00-16:30; L-P Suletud<\/p>\n<p>Re\u0123istr\u0101cijas Nr.: 10006280<br \/>\nPVN re\u0123istr\u0101cijas Nr.: EE100255603<br \/>\nBanka: SEB Pank AS, Tornim\u00e4e 2, 15010 Tallinn, Estonia<br \/>\nSWIFT kods: EEUHEE2X<br \/>\nKonta Nr.: EE501010220037212013<\/p>\n<\/div><\/div><div class=\"col-12 col-lg-7 offset-lg-1\"><div class=\"map-wrap\"><img decoding=\"async\" width=\"752\" height=\"480\" src=\"https:\/\/www.silman.ee\/wp-content\/uploads\/2020\/03\/silman-tartu.jpg\" class=\"attachment-img-752x480 size-img-752x480\" alt=\"\" \/><a href=\"https:\/\/www.google.com\/maps\/dir\/\/Silmani+Elekter+AS,+Vasara,+50113+Tartu\/@58.3503092,26.6575751,12z\/data=!4m8!4m7!1m0!1m5!1m1!1s0x46eb375b2bc4c023:0xa4f65d2651a26198!2m2!1d26.7276139!2d58.3502382\" target=\"_blank\" class=\"font-weight-medium d-inline-block\">Atra\u0161an\u0101s vieta kart\u0113<\/a><\/div><\/div><\/div><\/div>","protected":false},"excerpt":{"rendered":"","protected":false},"author":1,"featured_media":0,"parent":0,"menu_order":70,"comment_status":"closed","ping_status":"closed","template":"","meta":{"_acf_changed":false,"inline_featured_image":false,"advgb_blocks_editor_width":"","advgb_blocks_columns_visual_guide":"","footnotes":""},"class_list":["post-3736","page","type-page","status-publish","hentry"],"acf":[],"yoast_head":"<!-- This site is optimized with the Yoast SEO plugin v27.2 - https:\/\/yoast.com\/product\/yoast-seo-wordpress\/ -->\n<title>Kontakti - Silman<\/title>\n<meta name=\"robots\" content=\"index, follow, max-snippet:-1, max-image-preview:large, max-video-preview:-1\" \/>\n<link rel=\"canonical\" href=\"https:\/\/www.silman.ee\/lv\/kontakt\/\" \/>\n<meta property=\"og:locale\" content=\"lv_LV\" \/>\n<meta property=\"og:type\" content=\"article\" \/>\n<meta property=\"og:title\" content=\"Kontakti - Silman\" \/>\n<meta property=\"og:url\" content=\"https:\/\/www.silman.ee\/lv\/kontakt\/\" \/>\n<meta property=\"og:site_name\" content=\"Silman\" \/>\n<meta property=\"article:modified_time\" content=\"2021-03-12T09:45:51+00:00\" \/>\n<meta name=\"twitter:card\" content=\"summary_large_image\" \/>\n<script type=\"application\/ld+json\" class=\"yoast-schema-graph\">{\"@context\":\"https:\/\/schema.org\",\"@graph\":[{\"@type\":\"WebPage\",\"@id\":\"https:\/\/www.silman.ee\/lv\/kontakt\/\",\"url\":\"https:\/\/www.silman.ee\/lv\/kontakt\/\",\"name\":\"Kontakti - Silman\",\"isPartOf\":{\"@id\":\"https:\/\/www.silman.ee\/#website\"},\"datePublished\":\"2020-03-02T10:25:57+00:00\",\"dateModified\":\"2021-03-12T09:45:51+00:00\",\"breadcrumb\":{\"@id\":\"https:\/\/www.silman.ee\/lv\/kontakt\/#breadcrumb\"},\"inLanguage\":\"lv-LV\",\"potentialAction\":[{\"@type\":\"ReadAction\",\"target\":[\"https:\/\/www.silman.ee\/lv\/kontakt\/\"]}]},{\"@type\":\"BreadcrumbList\",\"@id\":\"https:\/\/www.silman.ee\/lv\/kontakt\/#breadcrumb\",\"itemListElement\":[{\"@type\":\"ListItem\",\"position\":1,\"name\":\"Home\",\"item\":\"https:\/\/www.silman.ee\/lv\/\"},{\"@type\":\"ListItem\",\"position\":2,\"name\":\"Kontakti\"}]},{\"@type\":\"WebSite\",\"@id\":\"https:\/\/www.silman.ee\/#website\",\"url\":\"https:\/\/www.silman.ee\/\",\"name\":\"Silman\",\"description\":\"valgustid ja elektriinstallatsioonimaterjalid\",\"publisher\":{\"@id\":\"https:\/\/www.silman.ee\/#organization\"},\"potentialAction\":[{\"@type\":\"SearchAction\",\"target\":{\"@type\":\"EntryPoint\",\"urlTemplate\":\"https:\/\/www.silman.ee\/?s={search_term_string}\"},\"query-input\":{\"@type\":\"PropertyValueSpecification\",\"valueRequired\":true,\"valueName\":\"search_term_string\"}}],\"inLanguage\":\"lv-LV\"},{\"@type\":\"Organization\",\"@id\":\"https:\/\/www.silman.ee\/#organization\",\"name\":\"Silman\",\"url\":\"https:\/\/www.silman.ee\/\",\"logo\":{\"@type\":\"ImageObject\",\"inLanguage\":\"lv-LV\",\"@id\":\"https:\/\/www.silman.ee\/#\/schema\/logo\/image\/\",\"url\":\"https:\/\/www.silman.ee\/wp-content\/uploads\/2025\/07\/LinkedIn-Icon-Black-Logo.wine_.svg\",\"contentUrl\":\"https:\/\/www.silman.ee\/wp-content\/uploads\/2025\/07\/LinkedIn-Icon-Black-Logo.wine_.svg\",\"width\":1200,\"height\":800,\"caption\":\"Silman\"},\"image\":{\"@id\":\"https:\/\/www.silman.ee\/#\/schema\/logo\/image\/\"}}]}<\/script>\n<!-- \/ Yoast SEO plugin. -->","yoast_head_json":{"title":"Kontakti - Silman","robots":{"index":"index","follow":"follow","max-snippet":"max-snippet:-1","max-image-preview":"max-image-preview:large","max-video-preview":"max-video-preview:-1"},"canonical":"https:\/\/www.silman.ee\/lv\/kontakt\/","og_locale":"lv_LV","og_type":"article","og_title":"Kontakti - Silman","og_url":"https:\/\/www.silman.ee\/lv\/kontakt\/","og_site_name":"Silman","article_modified_time":"2021-03-12T09:45:51+00:00","twitter_card":"summary_large_image","schema":{"@context":"https:\/\/schema.org","@graph":[{"@type":"WebPage","@id":"https:\/\/www.silman.ee\/lv\/kontakt\/","url":"https:\/\/www.silman.ee\/lv\/kontakt\/","name":"Kontakti - Silman","isPartOf":{"@id":"https:\/\/www.silman.ee\/#website"},"datePublished":"2020-03-02T10:25:57+00:00","dateModified":"2021-03-12T09:45:51+00:00","breadcrumb":{"@id":"https:\/\/www.silman.ee\/lv\/kontakt\/#breadcrumb"},"inLanguage":"lv-LV","potentialAction":[{"@type":"ReadAction","target":["https:\/\/www.silman.ee\/lv\/kontakt\/"]}]},{"@type":"BreadcrumbList","@id":"https:\/\/www.silman.ee\/lv\/kontakt\/#breadcrumb","itemListElement":[{"@type":"ListItem","position":1,"name":"Home","item":"https:\/\/www.silman.ee\/lv\/"},{"@type":"ListItem","position":2,"name":"Kontakti"}]},{"@type":"WebSite","@id":"https:\/\/www.silman.ee\/#website","url":"https:\/\/www.silman.ee\/","name":"Silman","description":"valgustid ja elektriinstallatsioonimaterjalid","publisher":{"@id":"https:\/\/www.silman.ee\/#organization"},"potentialAction":[{"@type":"SearchAction","target":{"@type":"EntryPoint","urlTemplate":"https:\/\/www.silman.ee\/?s={search_term_string}"},"query-input":{"@type":"PropertyValueSpecification","valueRequired":true,"valueName":"search_term_string"}}],"inLanguage":"lv-LV"},{"@type":"Organization","@id":"https:\/\/www.silman.ee\/#organization","name":"Silman","url":"https:\/\/www.silman.ee\/","logo":{"@type":"ImageObject","inLanguage":"lv-LV","@id":"https:\/\/www.silman.ee\/#\/schema\/logo\/image\/","url":"https:\/\/www.silman.ee\/wp-content\/uploads\/2025\/07\/LinkedIn-Icon-Black-Logo.wine_.svg","contentUrl":"https:\/\/www.silman.ee\/wp-content\/uploads\/2025\/07\/LinkedIn-Icon-Black-Logo.wine_.svg","width":1200,"height":800,"caption":"Silman"},"image":{"@id":"https:\/\/www.silman.ee\/#\/schema\/logo\/image\/"}}]}},"coauthors":[],"author_meta":{"author_link":"https:\/\/www.silman.ee\/lv\/author\/admin\/","display_name":"admin"},"relative_dates":{"created":"Posted 6 years ago","modified":"Updated 5 years ago"},"absolute_dates":{"created":"Posted on 2. Mar 2020","modified":"Updated on 12. Mar 2021"},"absolute_dates_time":{"created":"Posted on 2. Mar 2020 12:25","modified":"Updated on 12. Mar 2021 11:45"},"featured_img_caption":"","featured_img":false,"series_order":"","_links":{"self":[{"href":"https:\/\/www.silman.ee\/lv\/wp-json\/wp\/v2\/pages\/3736","targetHints":{"allow":["GET"]}}],"collection":[{"href":"https:\/\/www.silman.ee\/lv\/wp-json\/wp\/v2\/pages"}],"about":[{"href":"https:\/\/www.silman.ee\/lv\/wp-json\/wp\/v2\/types\/page"}],"author":[{"embeddable":true,"href":"https:\/\/www.silman.ee\/lv\/wp-json\/wp\/v2\/users\/1"}],"replies":[{"embeddable":true,"href":"https:\/\/www.silman.ee\/lv\/wp-json\/wp\/v2\/comments?post=3736"}],"version-history":[{"count":3,"href":"https:\/\/www.silman.ee\/lv\/wp-json\/wp\/v2\/pages\/3736\/revisions"}],"predecessor-version":[{"id":6129,"href":"https:\/\/www.silman.ee\/lv\/wp-json\/wp\/v2\/pages\/3736\/revisions\/6129"}],"wp:attachment":[{"href":"https:\/\/www.silman.ee\/lv\/wp-json\/wp\/v2\/media?parent=3736"}],"curies":[{"name":"wp","href":"https:\/\/api.w.org\/{rel}","templated":true}]}}